{"id":3413,"date":"2023-10-18T10:54:15","date_gmt":"2023-10-18T10:54:15","guid":{"rendered":"http:\/\/www.gronenonline.com\/_gronen1\/?page_id=3413"},"modified":"2024-05-21T09:52:39","modified_gmt":"2024-05-21T09:52:39","slug":"pdw-addressing-societal-challenges-through-moralized-markets","status":"publish","type":"page","link":"http:\/\/www.gronenonline.com\/_gronen1\/pdw-addressing-societal-challenges-through-moralized-markets\/","title":{"rendered":"PDWs"},"content":{"rendered":"\n<h3>The 2024 GRONEN Conference organises several PDWs that are open to all conference participants:<\/h3>\n\n\n\n<div style=\"height:25px\" aria-hidden=\"true\" class=\"wp-block-spacer\"><\/div>\n\n\n\n<h4><strong>1. Addressing Societal Challenges through Moral(ized) Markets&nbsp;<\/strong><\/h4>\n\n\n\n<p>The pressing social and environmental challenges the world is facing today have sparked interest in market-based solutions to societal challenges, such as the \u2018moral markets\u2019 for fair trade goods, ethical investment, (community-based) renewable energy, cage-free eggs, green buildings, or plant-based meat. With this interactive PDW we have two goals.\u202f<em>First,<\/em>\u202fto spark cross-pollination between research on moral markets and adjacent literatures, such as social entrepreneurship, logics, alternative organizational forms, sustainable policy and innovation, and societal transitions.\u202f<em>Second<\/em>, to reflect on how this interdisciplinary agenda can help us address practical questions critical for solving contemporary sustainability challenges.&nbsp;<\/p>\n\n\n\n<p><strong>Organizers\/panelists:<\/strong><strong>&nbsp;<\/strong><\/p>\n\n\n\n<ul><li>Benjamin Huybrechts, Professor of Business and Society, IESEG School of Management&nbsp;<\/li><li>Panikos Georgallis, Associate Professor of Strategy, University of Amsterdam&nbsp;<\/li><\/ul>\n\n\n\n<p><strong>Guest panelists\u202f<\/strong><strong>(TBC):<\/strong><\/p>\n\n\n\n<ul><li>Rodolphe Durand, Professor of Strategy, HEC Paris&nbsp;<\/li><li>Julianne Reinecke, Professor of Management Studies, University of Oxford&nbsp;<\/li><\/ul>\n\n\n\n<div style=\"height:25px\" aria-hidden=\"true\" class=\"wp-block-spacer\"><\/div>\n\n\n\n<h4>2. <strong>The Use of Virtual Reality to Support Research on Sustainable Behavior: Designing Experiences<\/strong>&nbsp;<\/h4>\n\n\n\n<p>The challenges of sustainable development require a radical transformation of behavior in society. To support the change of behavior, Virtual Reality (VR) is a promising tool.&nbsp;&nbsp;<\/p>\n\n\n\n<p>We aim to help GRONEN scholars initiate into the possibilities of virtual reality and navigate design problems during their research\u202fprojects in VR.&nbsp;&nbsp;<\/p>\n\n\n\n<p>The PDW will be divided in three parts: i) the basics of VR technology; ii) a VR \u2018experience\u2019 designed by SKEMA to explore individual sustainable behavior in VR; iii) a discussion and identification of the most usable elements of virtual reality for research on sustainable behavior.&nbsp;<\/p>\n\n\n\n<p><strong>Organiser:<\/strong>&nbsp;<\/p>\n\n\n\n<ul><li>Albert Jolink (SKEMA Business School)&nbsp;&#8211; <a href=\"mailto:albert.jolink@skema.edu\">albert.jolink@skema.edu<\/a><\/li><\/ul>\n\n\n\n<p><strong>PDW is restricted to <u>max. 16<\/u> participants. Pre-registration via email is available.<\/strong>&nbsp;<\/p>\n\n\n\n<div style=\"height:25px\" aria-hidden=\"true\" class=\"wp-block-spacer\"><\/div>\n\n\n\n<h4> 3. <strong>Engendering Sustainability, the Legacy of Ecofeminism and Beyond<\/strong><\/h4>\n\n\n\n<p>The PDW will explore the importance of adopting a gendered lens in the context of sustainable transformation and climate change. It highlights various perspectives of ecofeminism, which challenge traditional views and emphasize the role of women in sustainability. Women are agents of change in implementing ecological changes in households and organizations, including sustainability management and entrepreneurship. An ecofeminism framework redefines sustainability by connecting the domination of women with the exploitation of nature. Ecofeminism offers a unique lens to promote a new model of leadership. Welcoming researchers and practitioners to join this discussion, we aim to develop new conversations and cross-fertilization of ideas concerning sustainable transition, gender, and ecofeminism.<\/p>\n\n\n\n<p><strong>Co-chairs:&nbsp;<\/strong>Stephanie Chasserio, Eliane Bacha, Corinne Poroli<\/p>\n\n\n\n<p><strong>Guest Speaker:&nbsp;<\/strong>Renaud Redien-Collot,&nbsp;Doyen du corps professoral, ESCE International Business School&nbsp;<\/p>\n\n\n\n<div style=\"height:25px\" aria-hidden=\"true\" class=\"wp-block-spacer\"><\/div>\n\n\n\n<h4>4. <strong>Mid-Career Academics: Purpose, Balance, and Mental Health<\/strong><\/h4>\n\n\n\n<p>Explore the challenges and opportunities of mid-career academia in our interactive workshop at Gronen 2024, Paris. This session focuses on finding purpose, maintaining balance, and managing mental health in academia. Through reflections from scholars and group brainstorming, we&#8217;ll tackle topics like nurturing career meaning, balancing academic roles, fostering mental health discussions, and managing tasks effectively. Join us for a dynamic exchange of ideas and strategies to enrich your mid-career journey.<\/p>\n\n\n\n<p><strong>Organisers<\/strong>: <\/p>\n\n\n\n<ul><li>Ren\u00e9 Bohnsack<\/li><li>Valentina de Marchi<\/li><\/ul>\n\n\n\n<div style=\"height:25px\" aria-hidden=\"true\" class=\"wp-block-spacer\"><\/div>\n\n\n\n<h4>5. <strong><strong>Integrating AI into Sustainability Research<\/strong><\/strong><\/h4>\n\n\n\n<p>Explore the integration of AI into Sustainability Research at the upcoming Gronen 2024 workshop in Paris. This interactive session offers an exciting deep dive into practical AI tools, effective prompting techniques, and digital sustainability, for those who have not yet worked much with Generative AI in a research context. Participants will engage in discussions and activities centered on leveraging AI for research in sustainability, while also understanding its impact on sustainability and reflecting on the digital and ethical footprint of AI technologies. Join us for a collaborative assessment of AI\u2019s capacity for data analysis and knowledge management, and its advantages and challenges when used as an aid in research.<\/p>\n\n\n\n<p><strong>Organisers<\/strong>: <\/p>\n\n\n\n<ul><li>Ren\u00e9 Bohnsack (Universidade Cat\u00f3lica Portuguesa)<\/li><li>Mickie de Wet (Universidade Cat\u00f3lica Portuguesa)<\/li><\/ul>\n\n\n\n<div style=\"height:25px\" aria-hidden=\"true\" class=\"wp-block-spacer\"><\/div>\n\n\n\n<h4>6. <strong>Teaching sustainability \u2018frugally\u2019: experience teaching strategies to change the world&nbsp;<\/strong><\/h4>\n\n\n\n<p>Eager to exchange and experience practices and techniques for engaging students and driving them to change toward sustainability? Join our interactive workshop at Gronen 2024! During this session we will break the \u2018closed door\u2019 approach to teaching, giving us the opportunity to share with, and learn from, colleagues on \u2018frugal\u2019, cost-effective teaching innovations that can also be adopted in different education settings with scant resources.&nbsp; Attending you will have the chance to learn in detail and experience yourself three different practices to teach sustainability topics \u2013 including role plays, board games and ChatGPT informed practices \u2013 to share your own practices and to discuss how to tight research and teaching practices and how to improve your teaching approach.&nbsp;If you already have a very long experience in teaching or are just starting off: this PDW will be an opportunity to learn turnkey new practices that you can replicate and to share with peers who are teaching similar topics and are approaching the same challenges. So join us for a dynamic exchange that will enrich your teaching toolkit \u2013 please do register upfront here (<a href=\"https:\/\/forms.gle\/3Era2dZS5KWKC6pR6\" target=\"_blank\" rel=\"noreferrer noopener\">https:\/\/forms.gle\/3Era2dZS5KWKC6pR6<\/a>) so to enable us to organize the PDW at its best.<\/p>\n\n\n\n<p><strong>Organisers<\/strong>: <\/p>\n\n\n\n<ul><li>Valentina De Marchi (ESADE business school)&nbsp;<\/li><li>Minna Halme (Aalto Business School)&nbsp;<\/li><li>Rob Lubberink (Amsterdam University of Applied Sciences)&nbsp;<\/li><\/ul>\n\n\n\n<div style=\"height:25px\" aria-hidden=\"true\" class=\"wp-block-spacer\"><\/div>\n\n\n\n<h4>7. <strong>Special Issue of&nbsp;Organization &amp; Environment&nbsp;&#8211; Mainstreaming Sustainability? <\/strong><\/h4>\n\n\n\n<p>The aim of this PDW is threefold: First, to introduce the Special Issue of&nbsp;<em>Organization &amp; Environment<\/em>&nbsp;on \u2018Mainstreaming Sustainability?\u2019 Although the concept of sustainability has been used for decades now, we can still ask many questions on whether and how it is (or should be) becoming mainstream. What do sustainability initiatives deliver, at what cost, and for whom do they deliver? Is institutionalizing sustainability, for instance in reporting requirements, investment standards or work practices doing enough to mainstream sustainability? Second, the PDW serves to provide participants with an overview of the latest research on mainstreaming sustainability, and address the following questions: What does mainstreaming sustainability mean? How will it impact the environment? Who will mainstream sustainability and for whom? Third, the PDW aims to give participants the opportunity to network and jointly explore the future of research on (mainstreaming) sustainability. This discussion will be based on participants sharing abstracts in advance, summarizing their ideas for future research or their work in progress on mainstreaming sustainability.&nbsp; &nbsp;<\/p>\n\n\n\n<p>The session is open to all conference participants.&nbsp;<\/p>\n\n\n\n<p>Participants who wish to contribute to the session with an abstract, can do so by sending the abstract (+\/- 250 words) to the conference email address before 31 January (<a href=\"mailto:gronenconference2024@gmail.com\">gronenconference2024@gmail.com<\/a>). The email should be addressed to the O&amp;E editorial team and the subject should mention \u2018Abstract \u2013 PDW SI O&amp;E\u2019.&nbsp;<\/p>\n\n\n\n<p><strong>Organizers and panelists (O&amp;E SI guest editorial team):&nbsp;<\/strong><\/p>\n\n\n\n<ul><li>Frank de Bakker (I\u00c9SEG School of Management)&nbsp;<\/li><li>Frederik Dahlmann (Warwick Business School)<\/li><li>Carolyn Egri&nbsp; (SFU Beedie School of Business)<\/li><li>Eva Niesten&nbsp; (SKEMA Business School)<\/li><\/ul>\n\n\n\n<div style=\"height:25px\" aria-hidden=\"true\" class=\"wp-block-spacer\"><\/div>\n\n\n\n<h4>8. <strong>Sustainable Innovation: Navigating Intellectual Property for a Greener Future<\/strong><\/h4>\n\n\n\n<p>This PDW will join scholars and practitioners to contribute to a dialogue on the intersection of sustainability and intellectual property (IP), exploring how these elements can synergistically drive a greener future. In particular, the following themes will be addressed:<\/p>\n\n\n\n<p>&#8211;&nbsp;&nbsp;&nbsp;&nbsp;&nbsp;&nbsp;&nbsp;The role of IP in the development and diffusion of sustainable technologies.<\/p>\n\n\n\n<p>&#8211;&nbsp;&nbsp;&nbsp;&nbsp;&nbsp;&nbsp;&nbsp;The impact of patents on the advancement and accessibility of green energy solutions.<\/p>\n\n\n\n<p>&#8211;&nbsp;&nbsp;&nbsp;&nbsp;&nbsp;&nbsp;&nbsp;Assessing existing IP policies and proposing innovations to better align with the UN sustainable development goals.<\/p>\n\n\n\n<p>&#8211;&nbsp;&nbsp;&nbsp;&nbsp;&nbsp;&nbsp;&nbsp;Collaborative and open innovation business models and their implications for IP in the context of sustainability.<\/p>\n\n\n\n<p><strong>Organisers:<\/strong> <\/p>\n\n\n\n<ul><li>Ludmila Striukova (SKEMA Business School) &#8211;\u00a0<a href=\"mailto:ludmila.striukova@skema.edu\" target=\"_blank\" rel=\"noreferrer noopener\">ludmila.striukova@skema.edu<\/a><\/li><li>Prof.\u00a0Thierry Rayna (\u00c9cole Polytechnique)<\/li><li>Prof.\u00a0Charles De Grazia (EMLV Business School Paris)<\/li><\/ul>\n\n\n\n<div style=\"height:25px\" aria-hidden=\"true\" class=\"wp-block-spacer\"><\/div>\n\n\n\n<h4>9. <strong>Sustainable Business Horizons: Educating and Inspiring Managers for Positive Impact<\/strong><\/h4>\n\n\n\n<p>The main aim of this PDW is to provide participants practical insights and strategies to effectively teach corporate sustainability to managers and collaborate with practitioners to implement sustainability within firms. Guest speakers will engage in discussions and best practices to address these challenges. The workshop seeks to foster meaningful partnerships between academia and industry, enhance teaching methodologies for managers, and ultimately contribute to advancing sustainability education and practice.<\/p>\n\n\n\n<p><strong>Organizers:<\/strong> <\/p>\n\n\n\n<ul><li>Javier Delgado-Ceballos, University of Granada (Spain)<\/li><li>Ambra Galeazzo, University of Padova (Italy)<\/li><li>Raquel Antol\u00edn-L\u00f3pez, University of Almer\u00eda (Spain)<\/li><\/ul>\n\n\n\n<p><strong>Guest Speakers:<\/strong> <\/p>\n\n\n\n<ul><li>Alice Mascena Barbosa (Innovation North, Ivey Business School)<\/li><li>Professor Stefano Pogutz (Bocconi School of Management)<\/li><li>Pascual Berrone (IESE)&nbsp;<\/li><li>J. Alberto Arag\u00f3n Correa (University of Granada).<\/li><\/ul>\n","protected":false},"excerpt":{"rendered":"<p>The 2024 GRONEN Conference organises several PDWs that are open to all conference participants: 1. Addressing Societal Challenges through Moral(ized) Markets&nbsp; The pressing social and environmental challenges the world is &#8230;<\/p>\n","protected":false},"author":5,"featured_media":0,"parent":0,"menu_order":0,"comment_status":"closed","ping_status":"closed","template":"","meta":{"_eb_attr":"","_mi_skip_tracking":false,"_monsterinsights_sitenote_active":false,"_monsterinsights_sitenote_note":"","_monsterinsights_sitenote_category":0},"yoast_head":"<!-- This site is optimized with the Yoast SEO plugin v18.0 - https:\/\/yoast.com\/wordpress\/plugins\/seo\/ -->\n<title>PDWs | Gronen<\/title>\n<meta name=\"robots\" content=\"index, follow, max-snippet:-1, max-image-preview:large, max-video-preview:-1\" \/>\n<link rel=\"canonical\" href=\"http:\/\/www.gronenonline.com\/_gronen1\/pdw-addressing-societal-challenges-through-moralized-markets\/\" \/>\n<meta property=\"og:locale\" content=\"en_GB\" \/>\n<meta property=\"og:type\" content=\"article\" \/>\n<meta property=\"og:title\" content=\"PDWs | Gronen\" \/>\n<meta property=\"og:description\" content=\"The 2024 GRONEN Conference organises several PDWs that are open to all conference participants: 1. Addressing Societal Challenges through Moral(ized) Markets&nbsp; The pressing social and environmental challenges the world is ...\" \/>\n<meta property=\"og:url\" content=\"http:\/\/www.gronenonline.com\/_gronen1\/pdw-addressing-societal-challenges-through-moralized-markets\/\" \/>\n<meta property=\"og:site_name\" content=\"Gronen\" \/>\n<meta property=\"article:modified_time\" content=\"2024-05-21T09:52:39+00:00\" \/>\n<meta name=\"twitter:card\" content=\"summary_large_image\" \/>\n<meta name=\"twitter:site\" content=\"@GRONENetwork\" \/>\n<meta name=\"twitter:label1\" content=\"Estimated reading time\" \/>\n\t<meta name=\"twitter:data1\" content=\"7 minutes\" \/>\n<script type=\"application\/ld+json\" class=\"yoast-schema-graph\">{\"@context\":\"https:\/\/schema.org\",\"@graph\":[{\"@type\":\"Organization\",\"@id\":\"http:\/\/www.gronenonline.com\/_gronen1\/#organization\",\"name\":\"Gronen | Group for Research on Organizations and the Natural Environment\",\"url\":\"http:\/\/www.gronenonline.com\/_gronen1\/\",\"sameAs\":[\"https:\/\/www.youtube.com\/channel\/UCGWjq_mc75vvfim1zn7x6DA\",\"https:\/\/twitter.com\/GRONENetwork\"],\"logo\":{\"@type\":\"ImageObject\",\"@id\":\"http:\/\/www.gronenonline.com\/_gronen1\/#logo\",\"inLanguage\":\"en-GB\",\"url\":\"http:\/\/www.gronenonline.com\/_gronen1\/wp-content\/uploads\/2018\/03\/logo-gronen-2.png\",\"contentUrl\":\"http:\/\/www.gronenonline.com\/_gronen1\/wp-content\/uploads\/2018\/03\/logo-gronen-2.png\",\"width\":640,\"height\":305,\"caption\":\"Gronen | Group for Research on Organizations and the Natural Environment\"},\"image\":{\"@id\":\"http:\/\/www.gronenonline.com\/_gronen1\/#logo\"}},{\"@type\":\"WebSite\",\"@id\":\"http:\/\/www.gronenonline.com\/_gronen1\/#website\",\"url\":\"http:\/\/www.gronenonline.com\/_gronen1\/\",\"name\":\"Gronen\",\"description\":\"Group for Research on Organizations and the Natural Environment\",\"publisher\":{\"@id\":\"http:\/\/www.gronenonline.com\/_gronen1\/#organization\"},\"potentialAction\":[{\"@type\":\"SearchAction\",\"target\":{\"@type\":\"EntryPoint\",\"urlTemplate\":\"http:\/\/www.gronenonline.com\/_gronen1\/?s={search_term_string}\"},\"query-input\":\"required name=search_term_string\"}],\"inLanguage\":\"en-GB\"},{\"@type\":\"WebPage\",\"@id\":\"http:\/\/www.gronenonline.com\/_gronen1\/pdw-addressing-societal-challenges-through-moralized-markets\/#webpage\",\"url\":\"http:\/\/www.gronenonline.com\/_gronen1\/pdw-addressing-societal-challenges-through-moralized-markets\/\",\"name\":\"PDWs | Gronen\",\"isPartOf\":{\"@id\":\"http:\/\/www.gronenonline.com\/_gronen1\/#website\"},\"datePublished\":\"2023-10-18T10:54:15+00:00\",\"dateModified\":\"2024-05-21T09:52:39+00:00\",\"breadcrumb\":{\"@id\":\"http:\/\/www.gronenonline.com\/_gronen1\/pdw-addressing-societal-challenges-through-moralized-markets\/#breadcrumb\"},\"inLanguage\":\"en-GB\",\"potentialAction\":[{\"@type\":\"ReadAction\",\"target\":[\"http:\/\/www.gronenonline.com\/_gronen1\/pdw-addressing-societal-challenges-through-moralized-markets\/\"]}]},{\"@type\":\"BreadcrumbList\",\"@id\":\"http:\/\/www.gronenonline.com\/_gronen1\/pdw-addressing-societal-challenges-through-moralized-markets\/#breadcrumb\",\"itemListElement\":[{\"@type\":\"ListItem\",\"position\":1,\"name\":\"Portada\",\"item\":\"http:\/\/www.gronenonline.com\/_gronen1\/\"},{\"@type\":\"ListItem\",\"position\":2,\"name\":\"PDWs\"}]}]}<\/script>\n<!-- \/ Yoast SEO plugin. -->","yoast_head_json":{"title":"PDWs | Gronen","robots":{"index":"index","follow":"follow","max-snippet":"max-snippet:-1","max-image-preview":"max-image-preview:large","max-video-preview":"max-video-preview:-1"},"canonical":"http:\/\/www.gronenonline.com\/_gronen1\/pdw-addressing-societal-challenges-through-moralized-markets\/","og_locale":"en_GB","og_type":"article","og_title":"PDWs | Gronen","og_description":"The 2024 GRONEN Conference organises several PDWs that are open to all conference participants: 1. Addressing Societal Challenges through Moral(ized) Markets&nbsp; The pressing social and environmental challenges the world is ...","og_url":"http:\/\/www.gronenonline.com\/_gronen1\/pdw-addressing-societal-challenges-through-moralized-markets\/","og_site_name":"Gronen","article_modified_time":"2024-05-21T09:52:39+00:00","twitter_card":"summary_large_image","twitter_site":"@GRONENetwork","twitter_misc":{"Estimated reading time":"7 minutes"},"schema":{"@context":"https:\/\/schema.org","@graph":[{"@type":"Organization","@id":"http:\/\/www.gronenonline.com\/_gronen1\/#organization","name":"Gronen | Group for Research on Organizations and the Natural Environment","url":"http:\/\/www.gronenonline.com\/_gronen1\/","sameAs":["https:\/\/www.youtube.com\/channel\/UCGWjq_mc75vvfim1zn7x6DA","https:\/\/twitter.com\/GRONENetwork"],"logo":{"@type":"ImageObject","@id":"http:\/\/www.gronenonline.com\/_gronen1\/#logo","inLanguage":"en-GB","url":"http:\/\/www.gronenonline.com\/_gronen1\/wp-content\/uploads\/2018\/03\/logo-gronen-2.png","contentUrl":"http:\/\/www.gronenonline.com\/_gronen1\/wp-content\/uploads\/2018\/03\/logo-gronen-2.png","width":640,"height":305,"caption":"Gronen | Group for Research on Organizations and the Natural Environment"},"image":{"@id":"http:\/\/www.gronenonline.com\/_gronen1\/#logo"}},{"@type":"WebSite","@id":"http:\/\/www.gronenonline.com\/_gronen1\/#website","url":"http:\/\/www.gronenonline.com\/_gronen1\/","name":"Gronen","description":"Group for Research on Organizations and the Natural Environment","publisher":{"@id":"http:\/\/www.gronenonline.com\/_gronen1\/#organization"},"potentialAction":[{"@type":"SearchAction","target":{"@type":"EntryPoint","urlTemplate":"http:\/\/www.gronenonline.com\/_gronen1\/?s={search_term_string}"},"query-input":"required name=search_term_string"}],"inLanguage":"en-GB"},{"@type":"WebPage","@id":"http:\/\/www.gronenonline.com\/_gronen1\/pdw-addressing-societal-challenges-through-moralized-markets\/#webpage","url":"http:\/\/www.gronenonline.com\/_gronen1\/pdw-addressing-societal-challenges-through-moralized-markets\/","name":"PDWs | Gronen","isPartOf":{"@id":"http:\/\/www.gronenonline.com\/_gronen1\/#website"},"datePublished":"2023-10-18T10:54:15+00:00","dateModified":"2024-05-21T09:52:39+00:00","breadcrumb":{"@id":"http:\/\/www.gronenonline.com\/_gronen1\/pdw-addressing-societal-challenges-through-moralized-markets\/#breadcrumb"},"inLanguage":"en-GB","potentialAction":[{"@type":"ReadAction","target":["http:\/\/www.gronenonline.com\/_gronen1\/pdw-addressing-societal-challenges-through-moralized-markets\/"]}]},{"@type":"BreadcrumbList","@id":"http:\/\/www.gronenonline.com\/_gronen1\/pdw-addressing-societal-challenges-through-moralized-markets\/#breadcrumb","itemListElement":[{"@type":"ListItem","position":1,"name":"Portada","item":"http:\/\/www.gronenonline.com\/_gronen1\/"},{"@type":"ListItem","position":2,"name":"PDWs"}]}]}},"_links":{"self":[{"href":"http:\/\/www.gronenonline.com\/_gronen1\/wp-json\/wp\/v2\/pages\/3413"}],"collection":[{"href":"http:\/\/www.gronenonline.com\/_gronen1\/wp-json\/wp\/v2\/pages"}],"about":[{"href":"http:\/\/www.gronenonline.com\/_gronen1\/wp-json\/wp\/v2\/types\/page"}],"author":[{"embeddable":true,"href":"http:\/\/www.gronenonline.com\/_gronen1\/wp-json\/wp\/v2\/users\/5"}],"replies":[{"embeddable":true,"href":"http:\/\/www.gronenonline.com\/_gronen1\/wp-json\/wp\/v2\/comments?post=3413"}],"version-history":[{"count":19,"href":"http:\/\/www.gronenonline.com\/_gronen1\/wp-json\/wp\/v2\/pages\/3413\/revisions"}],"predecessor-version":[{"id":3690,"href":"http:\/\/www.gronenonline.com\/_gronen1\/wp-json\/wp\/v2\/pages\/3413\/revisions\/3690"}],"wp:attachment":[{"href":"http:\/\/www.gronenonline.com\/_gronen1\/wp-json\/wp\/v2\/media?parent=3413"}],"curies":[{"name":"wp","href":"https:\/\/api.w.org\/{rel}","templated":true}]}}