{"id":1384,"date":"2018-03-16T07:38:09","date_gmt":"2018-03-16T07:38:09","guid":{"rendered":"http:\/\/www.gronenonline.com\/_gronen1\/?page_id=1384"},"modified":"2025-06-24T08:59:45","modified_gmt":"2025-06-24T08:59:45","slug":"gronen-research-conference","status":"publish","type":"page","link":"http:\/\/www.gronenonline.com\/_gronen1\/gronen-research-conference\/","title":{"rendered":"GRONEN Research Conference"},"content":{"rendered":"\r\n<div class=\"container\">\r\n<div class=\"row\">\r\n<div class=\"col-lg-7 col-sm-7 wow slideInUp\" style=\"visibility: visible; animation-name: slideInUp;\">\r\n<p>GRONEN conferences offer a unique opportunity to develop personal networks with scholars researching on the natural environment, organization and management. GRONEN conferences have built a reputation for encouraging a supportive and critical environment to develop our research. GRONEN conferences provide a unique combination of research rigor, relevance, flexibility, collegiality, and fun.<\/p>\r\n<p><strong>Our conferences provide an intimate environment to promote academic interactions in a very friendly environment<\/strong><\/p>\r\n<p>The objectives of GRONEN conferences are to generate relevant and strong research and to encourage innovative thinking to develop transformative paths towards a sustainable future for business, society and the environment. We therefore systematically promote personal interactions between international scholars to develop impact through a network of engaged scholars.<\/p>\r\n<p>GRONEN Conferences are held every two years. Previous conferences have taken place in European locations helping to complement the Academy of Management ONE Divisions&#8217; sessions in North America.<\/p>\r\n<blockquote>\r\n<p><strong>The GRONEN conferences usually attract some of the most well-known scholars in the field of organizations and the natural environment. <\/strong>However, at the same time<strong>, the conference is intentionally run at a small scale to guarantee strong interactions and a friendly community.<\/strong><\/p>\r\n<\/blockquote>\r\n<h3 style=\"padding-top: 10px;\">Upcoming GRONEN Conference:<\/h3>\r\n<ul>\r\n<li><a href=\"http:\/\/www.gronenonline.com\/_gronen1\/gronen2026\/\"><b><strong>June 7\u201310, 2026 at ESADE Business School<\/strong>\u00a0in the vibrant and inspiring city of\u00a0<strong data-start=\"270\" data-end=\"283\">Barcelona<\/strong>!<\/b><\/a><\/li>\r\n<li><strong>June 2028 at Scuola Superiore Sant&#8217;Anna\u00a0 in Pisa, Italy<\/strong><\/li>\r\n<\/ul>\r\n<h3 style=\"padding-top: 10px;\">Previous GRONEN Conferences:<\/h3>\r\n<ul>\r\n<li><a href=\"http:\/\/www.gronenonline.com\/_gronen1\/gronen-2024-research-conference\/\"><strong>2024<\/strong>\u00a0<\/a><strong><a href=\"http:\/\/www.gronenonline.com\/_gronen1\/gronen-2024-research-conference\/\">GRONEN Conference, SKEMA Business School<\/a> (Paris),<\/strong> 27 May &#8211; 30 May, 2024. Organizers<strong>: <\/strong>Eva Niesten, Jonatan Pinkse, Albert Jolink, Eliane Bacha, Carole Daniel, Berill Blair, Corinne Poroli, and Barbara Ribeiro<\/li>\r\n<li><a href=\"http:\/\/www.gronenonline.com\/_gronen1\/gronen-conference-2022\/\"><strong>2022<\/strong> <\/a><strong><strong><a href=\"http:\/\/www.gronenonline.com\/_gronen1\/gronen-conference-2022\/\">GRONEN Conference, Amsterdam Business School<\/a> (Netherlands), <\/strong><\/strong>31 May &#8211; 2 June, 2022. Organizers<strong><strong>: <\/strong><\/strong>Panikos Georgallis, Arno Kourula, Siri Boe-Lillegraven, Ans Kolk, Willemijn van Dolen, Pushpika Vishwanathan.\u00a0<\/li>\r\n<li><strong><a href=\"http:\/\/www.gronenonline.com\/_gronen1\/conference-2020\/\">2020 GRONEN Conference, The Smart City Innovation Lab<\/a>,\u00a0CATOLICA-LISBON (Lisbon), <\/strong>17-19 June, 2020. Organizers: Ren\u00e9 Bohnsack, Christina Bidmon, Alina Margolina, Cl\u00e1udia Antunes Marante (The Smart City Innovation Lab,CATOLICA-LISBON, Lisbon).<\/li>\r\n<li><strong><a href=\"http:\/\/www.gronenonline.com\/_gronen1\/gronen-research-conference-2018\/\">2018 GRONEN Conference, University of Almer\u00eda<\/a> (Spain), <\/strong>13-15 June, 2018. Organizers:\u00a0 Jos\u00e9 C\u00e9spedes Lorente (Conference Chair),\u00a0Jos\u00e9 Antonio Plaza \u00dabeda, Javier Mart\u00ednez del R\u00edo, Raquel Antol\u00edn L\u00f3pez and Miguel P\u00e9rez Valls (University of Almer\u00eda).<\/li>\r\n<li><strong><a href=\"https:\/\/www.wiso.uni-hamburg.de\/forschung\/forschungsschwerpunkte\/sustainable-finance\/06-events\/gronen.html\">2016 GRONEN Conference, University of Hamburg<\/a> (Germany)<\/strong>, 25-27 May, 2016. Organizers: Timo Busch (University of Hamburg), Jens Hamprecht (ETH Zurich), and Andr\u00e9 Martinuzzi (Vienna University of Economics and Business)<\/li>\r\n<li><strong>2014 GRONEN Conference, Aalto School of Economics (Helsinki, Finland)<\/strong>, 16-18 June, 2014. Organizers: Minna Halme (Aalto School of Business), Raimo Lovio (Aalto School of Business) and Frank-Martin Belz (TUM School of Management, Munich).<\/li>\r\n<li><strong><a href=\"https:\/\/www.gronen2012.org\/\">2012 GRONEN Conference, Euromed Business School<\/a> (Marseille, France)<\/strong>. Organizers: Tobias Hahn, Frank Figge and Catherine Delon (Euromed Management Marseille)<\/li>\r\n<li><strong>2010 GRONEN Conference, SDA Bocconi School of Management, Milan (Italy)<\/strong>. Organizers: Stefano Pogutz (Universit\u00e1 Bocconi), Antonio Tencati (Universit\u00e1 Bocconi), and Francesco Perrini (Universit\u00e1 Bocconi).<\/li>\r\n<li><strong>2008 GRONEN Conference, Department of Public and Business Administration, University of Cyprus (Cyprus)<\/strong>. Organizers: George Kassinis (University of Cyprus) and Andreas Soteriou (University of Cyprus).<\/li>\r\n<li><strong>2006 GRONEN Conference, Institute for Economy and the Environment, University of Saint Gallen (Switzerland)<\/strong>. Organizers: Rolf W\u00fcstenhagen (University of St. Gallen), Jost Hamschmidt (University of St. Gallen), and Josef Kaenzig (University of St. Gallen).<\/li>\r\n<li><strong>2004 GRONEN Conference, ISDE Research Group, University of Granada (Spain)<\/strong>. Organizers: J. Alberto Arag\u00f3n-Correa (University of Granada), Nuria Hurtado-Torres (University of Granada) and Inmaculada Mart\u00edn-Tapia (University of Granada).<\/li>\r\n<\/ul>\r\n<\/div>\r\n<div class=\"col-lg-5 col-sm-5 wow slideInUp\" style=\"visibility: visible; animation-name: slideInUp;\">\r\n<section id=\"hero\" class=\"hero-slideshow-wrapper hero-slideshow-normal loaded\" style=\"position: relative; z-index: 0; background: none;\" data-images=\"[&quot;http:\/\/http:\/\/www.gronenonline.com\/_gronen1\/wp-content\/uploads\/2025\/04\/images-3.jpg&quot;]\">\r\n<div class=\"container\" style=\"padding-top: 10%; padding-bottom: 10%;\">\r\n<div class=\"hero__content hero-content-style1\">\r\n<p class=\"hero-small-text\"><strong>Gronen 2026 Reseach Conference<\/strong><\/p>\r\n<p><a href=\"http:\/\/www.gronenonline.com\/_gronen1\/gronen2026\/\">Read more<\/a><\/p>\r\n<\/div>\r\n<\/div>\r\n<figure><img style=\"position: absolute; margin: 0px; padding: 0px; border: none; width: 761px; height: 507.333px; max-height: none; max-width: none; z-index: -999999; left: 0px; top: -31.1667px;\" src=\"http:\/\/www.gronenonline.com\/_gronen1\/wp-content\/uploads\/2025\/04\/images-3.jpg\" \/><\/figure>\r\n<div class=\"backstretch\" style=\"left: 0px; top: 0px; overflow: hidden; margin: 0px; padding: 0px; height: 445px; width: 761px; z-index: -999998; position: absolute;\">\u00a0<\/div>\r\n<\/section>\r\n<\/div>\r\n<\/div>\r\n<\/div>\r\n\r\n\r\n\r\n<p>&nbsp;<\/p>","protected":false},"excerpt":{"rendered":"<p>GRONEN conferences offer a unique opportunity to develop personal networks with scholars researching on the natural environment, organization and management. GRONEN conferences have built a reputation for encouraging a supportive &#8230;<\/p>\n","protected":false},"author":1,"featured_media":3962,"parent":0,"menu_order":0,"comment_status":"closed","ping_status":"closed","template":"","meta":{"_eb_attr":"","_mi_skip_tracking":false,"_monsterinsights_sitenote_active":false,"_monsterinsights_sitenote_note":"","_monsterinsights_sitenote_category":0},"yoast_head":"<!-- This site is optimized with the Yoast SEO plugin v18.0 - https:\/\/yoast.com\/wordpress\/plugins\/seo\/ -->\n<title>GRONEN Research Conference | Gronen<\/title>\n<meta name=\"robots\" content=\"index, follow, max-snippet:-1, max-image-preview:large, max-video-preview:-1\" \/>\n<link rel=\"canonical\" href=\"http:\/\/www.gronenonline.com\/_gronen1\/gronen-research-conference\/\" \/>\n<meta property=\"og:locale\" content=\"en_GB\" \/>\n<meta property=\"og:type\" content=\"article\" \/>\n<meta property=\"og:title\" content=\"GRONEN Research Conference | Gronen\" \/>\n<meta property=\"og:description\" content=\"GRONEN conferences offer a unique opportunity to develop personal networks with scholars researching on the natural environment, organization and management. GRONEN conferences have built a reputation for encouraging a supportive ...\" \/>\n<meta property=\"og:url\" content=\"http:\/\/www.gronenonline.com\/_gronen1\/gronen-research-conference\/\" \/>\n<meta property=\"og:site_name\" content=\"Gronen\" \/>\n<meta property=\"article:modified_time\" content=\"2025-06-24T08:59:45+00:00\" \/>\n<meta property=\"og:image\" content=\"http:\/\/www.gronenonline.com\/_gronen1\/wp-content\/uploads\/2025\/04\/esade1.png\" \/>\n\t<meta property=\"og:image:width\" content=\"700\" \/>\n\t<meta property=\"og:image:height\" content=\"466\" \/>\n\t<meta property=\"og:image:type\" content=\"image\/png\" \/>\n<meta name=\"twitter:card\" content=\"summary_large_image\" \/>\n<meta name=\"twitter:site\" content=\"@GRONENetwork\" \/>\n<meta name=\"twitter:label1\" content=\"Estimated reading time\" \/>\n\t<meta name=\"twitter:data1\" content=\"3 minutes\" \/>\n<script type=\"application\/ld+json\" class=\"yoast-schema-graph\">{\"@context\":\"https:\/\/schema.org\",\"@graph\":[{\"@type\":\"Organization\",\"@id\":\"http:\/\/www.gronenonline.com\/_gronen1\/#organization\",\"name\":\"Gronen | Group for Research on Organizations and the Natural Environment\",\"url\":\"http:\/\/www.gronenonline.com\/_gronen1\/\",\"sameAs\":[\"https:\/\/www.youtube.com\/channel\/UCGWjq_mc75vvfim1zn7x6DA\",\"https:\/\/twitter.com\/GRONENetwork\"],\"logo\":{\"@type\":\"ImageObject\",\"@id\":\"http:\/\/www.gronenonline.com\/_gronen1\/#logo\",\"inLanguage\":\"en-GB\",\"url\":\"http:\/\/www.gronenonline.com\/_gronen1\/wp-content\/uploads\/2018\/03\/logo-gronen-2.png\",\"contentUrl\":\"http:\/\/www.gronenonline.com\/_gronen1\/wp-content\/uploads\/2018\/03\/logo-gronen-2.png\",\"width\":640,\"height\":305,\"caption\":\"Gronen | Group for Research on Organizations and the Natural Environment\"},\"image\":{\"@id\":\"http:\/\/www.gronenonline.com\/_gronen1\/#logo\"}},{\"@type\":\"WebSite\",\"@id\":\"http:\/\/www.gronenonline.com\/_gronen1\/#website\",\"url\":\"http:\/\/www.gronenonline.com\/_gronen1\/\",\"name\":\"Gronen\",\"description\":\"Group for Research on Organizations and the Natural Environment\",\"publisher\":{\"@id\":\"http:\/\/www.gronenonline.com\/_gronen1\/#organization\"},\"potentialAction\":[{\"@type\":\"SearchAction\",\"target\":{\"@type\":\"EntryPoint\",\"urlTemplate\":\"http:\/\/www.gronenonline.com\/_gronen1\/?s={search_term_string}\"},\"query-input\":\"required name=search_term_string\"}],\"inLanguage\":\"en-GB\"},{\"@type\":\"ImageObject\",\"@id\":\"http:\/\/www.gronenonline.com\/_gronen1\/gronen-research-conference\/#primaryimage\",\"inLanguage\":\"en-GB\",\"url\":\"http:\/\/www.gronenonline.com\/_gronen1\/wp-content\/uploads\/2025\/04\/esade1.png\",\"contentUrl\":\"http:\/\/www.gronenonline.com\/_gronen1\/wp-content\/uploads\/2025\/04\/esade1.png\",\"width\":700,\"height\":466},{\"@type\":\"WebPage\",\"@id\":\"http:\/\/www.gronenonline.com\/_gronen1\/gronen-research-conference\/#webpage\",\"url\":\"http:\/\/www.gronenonline.com\/_gronen1\/gronen-research-conference\/\",\"name\":\"GRONEN Research Conference | Gronen\",\"isPartOf\":{\"@id\":\"http:\/\/www.gronenonline.com\/_gronen1\/#website\"},\"primaryImageOfPage\":{\"@id\":\"http:\/\/www.gronenonline.com\/_gronen1\/gronen-research-conference\/#primaryimage\"},\"datePublished\":\"2018-03-16T07:38:09+00:00\",\"dateModified\":\"2025-06-24T08:59:45+00:00\",\"breadcrumb\":{\"@id\":\"http:\/\/www.gronenonline.com\/_gronen1\/gronen-research-conference\/#breadcrumb\"},\"inLanguage\":\"en-GB\",\"potentialAction\":[{\"@type\":\"ReadAction\",\"target\":[\"http:\/\/www.gronenonline.com\/_gronen1\/gronen-research-conference\/\"]}]},{\"@type\":\"BreadcrumbList\",\"@id\":\"http:\/\/www.gronenonline.com\/_gronen1\/gronen-research-conference\/#breadcrumb\",\"itemListElement\":[{\"@type\":\"ListItem\",\"position\":1,\"name\":\"Portada\",\"item\":\"http:\/\/www.gronenonline.com\/_gronen1\/\"},{\"@type\":\"ListItem\",\"position\":2,\"name\":\"GRONEN Research Conference\"}]}]}<\/script>\n<!-- \/ Yoast SEO plugin. -->","yoast_head_json":{"title":"GRONEN Research Conference | Gronen","robots":{"index":"index","follow":"follow","max-snippet":"max-snippet:-1","max-image-preview":"max-image-preview:large","max-video-preview":"max-video-preview:-1"},"canonical":"http:\/\/www.gronenonline.com\/_gronen1\/gronen-research-conference\/","og_locale":"en_GB","og_type":"article","og_title":"GRONEN Research Conference | Gronen","og_description":"GRONEN conferences offer a unique opportunity to develop personal networks with scholars researching on the natural environment, organization and management. GRONEN conferences have built a reputation for encouraging a supportive ...","og_url":"http:\/\/www.gronenonline.com\/_gronen1\/gronen-research-conference\/","og_site_name":"Gronen","article_modified_time":"2025-06-24T08:59:45+00:00","og_image":[{"width":700,"height":466,"url":"http:\/\/www.gronenonline.com\/_gronen1\/wp-content\/uploads\/2025\/04\/esade1.png","type":"image\/png"}],"twitter_card":"summary_large_image","twitter_site":"@GRONENetwork","twitter_misc":{"Estimated reading time":"3 minutes"},"schema":{"@context":"https:\/\/schema.org","@graph":[{"@type":"Organization","@id":"http:\/\/www.gronenonline.com\/_gronen1\/#organization","name":"Gronen | Group for Research on Organizations and the Natural Environment","url":"http:\/\/www.gronenonline.com\/_gronen1\/","sameAs":["https:\/\/www.youtube.com\/channel\/UCGWjq_mc75vvfim1zn7x6DA","https:\/\/twitter.com\/GRONENetwork"],"logo":{"@type":"ImageObject","@id":"http:\/\/www.gronenonline.com\/_gronen1\/#logo","inLanguage":"en-GB","url":"http:\/\/www.gronenonline.com\/_gronen1\/wp-content\/uploads\/2018\/03\/logo-gronen-2.png","contentUrl":"http:\/\/www.gronenonline.com\/_gronen1\/wp-content\/uploads\/2018\/03\/logo-gronen-2.png","width":640,"height":305,"caption":"Gronen | Group for Research on Organizations and the Natural Environment"},"image":{"@id":"http:\/\/www.gronenonline.com\/_gronen1\/#logo"}},{"@type":"WebSite","@id":"http:\/\/www.gronenonline.com\/_gronen1\/#website","url":"http:\/\/www.gronenonline.com\/_gronen1\/","name":"Gronen","description":"Group for Research on Organizations and the Natural Environment","publisher":{"@id":"http:\/\/www.gronenonline.com\/_gronen1\/#organization"},"potentialAction":[{"@type":"SearchAction","target":{"@type":"EntryPoint","urlTemplate":"http:\/\/www.gronenonline.com\/_gronen1\/?s={search_term_string}"},"query-input":"required name=search_term_string"}],"inLanguage":"en-GB"},{"@type":"ImageObject","@id":"http:\/\/www.gronenonline.com\/_gronen1\/gronen-research-conference\/#primaryimage","inLanguage":"en-GB","url":"http:\/\/www.gronenonline.com\/_gronen1\/wp-content\/uploads\/2025\/04\/esade1.png","contentUrl":"http:\/\/www.gronenonline.com\/_gronen1\/wp-content\/uploads\/2025\/04\/esade1.png","width":700,"height":466},{"@type":"WebPage","@id":"http:\/\/www.gronenonline.com\/_gronen1\/gronen-research-conference\/#webpage","url":"http:\/\/www.gronenonline.com\/_gronen1\/gronen-research-conference\/","name":"GRONEN Research Conference | Gronen","isPartOf":{"@id":"http:\/\/www.gronenonline.com\/_gronen1\/#website"},"primaryImageOfPage":{"@id":"http:\/\/www.gronenonline.com\/_gronen1\/gronen-research-conference\/#primaryimage"},"datePublished":"2018-03-16T07:38:09+00:00","dateModified":"2025-06-24T08:59:45+00:00","breadcrumb":{"@id":"http:\/\/www.gronenonline.com\/_gronen1\/gronen-research-conference\/#breadcrumb"},"inLanguage":"en-GB","potentialAction":[{"@type":"ReadAction","target":["http:\/\/www.gronenonline.com\/_gronen1\/gronen-research-conference\/"]}]},{"@type":"BreadcrumbList","@id":"http:\/\/www.gronenonline.com\/_gronen1\/gronen-research-conference\/#breadcrumb","itemListElement":[{"@type":"ListItem","position":1,"name":"Portada","item":"http:\/\/www.gronenonline.com\/_gronen1\/"},{"@type":"ListItem","position":2,"name":"GRONEN Research Conference"}]}]}},"_links":{"self":[{"href":"http:\/\/www.gronenonline.com\/_gronen1\/wp-json\/wp\/v2\/pages\/1384"}],"collection":[{"href":"http:\/\/www.gronenonline.com\/_gronen1\/wp-json\/wp\/v2\/pages"}],"about":[{"href":"http:\/\/www.gronenonline.com\/_gronen1\/wp-json\/wp\/v2\/types\/page"}],"author":[{"embeddable":true,"href":"http:\/\/www.gronenonline.com\/_gronen1\/wp-json\/wp\/v2\/users\/1"}],"replies":[{"embeddable":true,"href":"http:\/\/www.gronenonline.com\/_gronen1\/wp-json\/wp\/v2\/comments?post=1384"}],"version-history":[{"count":74,"href":"http:\/\/www.gronenonline.com\/_gronen1\/wp-json\/wp\/v2\/pages\/1384\/revisions"}],"predecessor-version":[{"id":3956,"href":"http:\/\/www.gronenonline.com\/_gronen1\/wp-json\/wp\/v2\/pages\/1384\/revisions\/3956"}],"wp:featuredmedia":[{"embeddable":true,"href":"http:\/\/www.gronenonline.com\/_gronen1\/wp-json\/wp\/v2\/media\/3962"}],"wp:attachment":[{"href":"http:\/\/www.gronenonline.com\/_gronen1\/wp-json\/wp\/v2\/media?parent=1384"}],"curies":[{"name":"wp","href":"https:\/\/api.w.org\/{rel}","templated":true}]}}